{"id":19,"date":"2018-02-26T08:51:24","date_gmt":"2018-02-26T08:51:24","guid":{"rendered":"http:\/\/10.44.205.152\/free-1\/mesmerize\/"},"modified":"2022-01-29T04:41:23","modified_gmt":"2022-01-29T04:41:23","slug":"mesmerize","status":"publish","type":"page","link":"https:\/\/www.honorarkonsulat-tj-hh.de\/","title":{"rendered":"Willkommen"},"content":{"rendered":"<p><\/p>\n\n\n\n\n<p><\/p>\n\n\n<hr class=\"wp-block-separator\"\/>\n\n\n<p><\/p>\n\n<p class=\"fonts-plugin-block\" style=\"font-family: Great Vibes;font-weight: normal;font-size: 33px;color: #166106\"><strong><em>Wil<\/em>lkommen!<\/strong><\/p>\n\n<p><\/p>\n\n\n<p>Ich freue mich \u00fcber Ihr Interesse an Tadschikistan und begr\u00fc\u00dfe Sie ganz herzlich auf der Website des tadschikischen Honorarkonsulats in Hamburg. Die Botschaft in Berlin und unser Honorarkonsulat &#8211; mit Zust\u00e4ndigkeit f\u00fcr die L\u00e4nder Hamburg und Schleswig-Holstein &#8211; sind die offiziellen Vertretungen der Republik Tadschikistan in Deutschland. Es ist mir eine gro\u00dfe Ehre, dieses aufstrebende Land im Herzen Asiens mit dem ersten in Europa eingerichteten Honorarkonsulat zu vertreten!<\/p>\n\n\n<p><\/p>\n\n\n<p>Tadschikistan ist ein Land der Superlative: Die h\u00f6chsten Berge, die gr\u00f6\u00dften Wasserressourcen und der l\u00e4ngste Gletscher Zentralasiens machen das Land zu einem Paradies f\u00fcr Gipfelst\u00fcrmer und Mountainbiker. In der Hauptstadt Duschanbe fasziniert das 2014 er\u00f6ffnete gr\u00f6\u00dfte Teehaus der Welt mit fast 3.000 Pl\u00e4tzen ebenso wie die 12 Meter gro\u00dfe Buddhafigur im Museum f\u00fcr Antike. Sie gilt als eines der wichtigsten Denkm\u00e4ler des Buddhismus in Zentralasien. Weitere Sch\u00e4tze f\u00fcr Kulturliebhaber sind die Ausgrabungen im \u201ePompeji von Zentralasien\u201c, der alten Stadt Pendzikent, sowie die vorchristlichen Festungen im Vachan-Korridor.<\/p>\n\n\n<p><\/p>\n\n\n<p>Zudem ist die junge Republik mit ihren rund 9 Millionen Einwohnern einer der wirtschaftlichen Hoffnungstr\u00e4ger Zentralasiens. Das Land verf\u00fcgt \u00fcber 60 Prozent der Wasserressourcen der Region und eignet sich dadurch hervorragend, um in Wasserkraftwerken Energie zu erzeugen. Aber auch in den Bereichen Lebensmittelindustrie, Infrastruktur und Gesundheitswirtschaft bietet das Kooperationsland der Deutschen Entwicklungszusammenarbeit gro\u00dfe wirtschaftliche Potenziale. Ich lade Sie herzlich ein, Tadschikistan als exotisches und gastfreundliches Reiseziel sowie als attraktiven Investitionsstandort kennenzulernen.<\/p>\n\n\n<p><\/p>\n\n\n<p>Ihr Kourosh Pourkian<\/p>\n\n\n<p><\/p>\n\n\n<figure class=\"wp-block-image\"><img src=\"http:\/\/honorarkonsulat-tj-hh.de\/wp-content\/uploads\/2020\/02\/HKKP_us-1.png\" alt=\"\"\/><\/figure>\n\n\n<p><\/p>\n\n\n<p>Honorarkonsul der Republik Tadschikistan<\/p>\n\n\n<p><\/p>\n\n\n<p><b>KONTAKT:\u00a0<\/b> \u00a0<\/p>\n\n\n\n<p>TEL.: +49 40 2800 6964<br>FAX: +49 40 2800 6965<br>E-MAIL:\u00a0<a href=\"mailto:manager@pourkiangroup.de\">manager@pourkiangroup.de<\/a><\/p>\n\n\n\n<p><b>Folgen Sie uns auch auf FACEBOOK:<\/b> <a href=\"http:\/\/www.facebook.com\/HKTJHH\/\">www.facebook.com\/HKTJHH\/<\/a><\/p>\n\n\n<p><\/p>","protected":false},"excerpt":{"rendered":"<p>Ich freue mich \u00fcber Ihr Interesse an Tadschikistan und begr\u00fc\u00dfe Sie ganz herzlich auf der Website des tadschikischen Honorarkonsulats in Hamburg. Die Botschaft in Berlin und unser Honorarkonsulat &#8211; mit Zust\u00e4ndigkeit f\u00fcr die L\u00e4nder Hamburg und Schleswig-Holstein &#8211; sind die offiziellen Vertretungen der Republik Tadschikistan in Deutschland. Es ist mir eine gro\u00dfe Ehre, dieses aufstrebende&hellip;&nbsp;<a href=\"https:\/\/www.honorarkonsulat-tj-hh.de\/\" class=\"\" rel=\"bookmark\">Weiterlesen &raquo;<span class=\"screen-reader-text\">Willkommen<\/span><\/a><\/p>\n","protected":false},"author":2,"featured_media":0,"parent":0,"menu_order":0,"comment_status":"closed","ping_status":"closed","template":"","meta":{"_themeisle_gutenberg_block_has_review":false},"_links":{"self":[{"href":"https:\/\/www.honorarkonsulat-tj-hh.de\/index.php?rest_route=\/wp\/v2\/pages\/19"}],"collection":[{"href":"https:\/\/www.honorarkonsulat-tj-hh.de\/index.php?rest_route=\/wp\/v2\/pages"}],"about":[{"href":"https:\/\/www.honorarkonsulat-tj-hh.de\/index.php?rest_route=\/wp\/v2\/types\/page"}],"author":[{"embeddable":true,"href":"https:\/\/www.honorarkonsulat-tj-hh.de\/index.php?rest_route=\/wp\/v2\/users\/2"}],"replies":[{"embeddable":true,"href":"https:\/\/www.honorarkonsulat-tj-hh.de\/index.php?rest_route=%2Fwp%2Fv2%2Fcomments&post=19"}],"version-history":[{"count":39,"href":"https:\/\/www.honorarkonsulat-tj-hh.de\/index.php?rest_route=\/wp\/v2\/pages\/19\/revisions"}],"predecessor-version":[{"id":871,"href":"https:\/\/www.honorarkonsulat-tj-hh.de\/index.php?rest_route=\/wp\/v2\/pages\/19\/revisions\/871"}],"wp:attachment":[{"href":"https:\/\/www.honorarkonsulat-tj-hh.de\/index.php?rest_route=%2Fwp%2Fv2%2Fmedia&parent=19"}],"curies":[{"name":"wp","href":"https:\/\/api.w.org\/{rel}","templated":true}]}}