{"id":346,"date":"2020-02-05T17:15:22","date_gmt":"2020-02-05T16:15:22","guid":{"rendered":"http:\/\/localhost:8888\/HKWP\/?page_id=346"},"modified":"2023-03-22T00:12:56","modified_gmt":"2023-03-22T00:12:56","slug":"kontakt","status":"publish","type":"page","link":"https:\/\/www.honorarkonsulat-tj-hh.de\/?page_id=346","title":{"rendered":"KONTAKT"},"content":{"rendered":"\n<p><\/p>\n\n\n\n<figure class=\"wp-block-table\"><table><tbody><tr><td>Anschrift:<br><strong>Villa Sch\u00f6ne Aussicht<br>Karlstra\u00dfe 1a<br> D-22085 Hamburg<\/strong><br><br>TEL.: +49 40 24 15 16<br>FAX: +49 40 24 66 97<br>E-MAIL: info@honorarkonsulat-tj-hh.de<br><br>Herzliche Gr\u00fc\u00dfe\u00a0<br><br>Kourosh Pourkian<br>GESCH\u00c4FTSF\u00dcHRER<br>Pourkiangroup<\/td><\/tr><\/tbody><\/table><\/figure>\n","protected":false},"excerpt":{"rendered":"<p>Anschrift:Villa Sch\u00f6ne AussichtKarlstra\u00dfe 1a D-22085 Hamburg TEL.: +49 40 24 15 16FAX: +49 40 24 66 97E-MAIL: info@honorarkonsulat-tj-hh.de Herzliche Gr\u00fc\u00dfe\u00a0 Kourosh PourkianGESCH\u00c4FTSF\u00dcHRERPourkiangroup<\/p>\n","protected":false},"author":2,"featured_media":0,"parent":0,"menu_order":0,"comment_status":"closed","ping_status":"closed","template":"","meta":{"_themeisle_gutenberg_block_has_review":false},"_links":{"self":[{"href":"https:\/\/www.honorarkonsulat-tj-hh.de\/index.php?rest_route=\/wp\/v2\/pages\/346"}],"collection":[{"href":"https:\/\/www.honorarkonsulat-tj-hh.de\/index.php?rest_route=\/wp\/v2\/pages"}],"about":[{"href":"https:\/\/www.honorarkonsulat-tj-hh.de\/index.php?rest_route=\/wp\/v2\/types\/page"}],"author":[{"embeddable":true,"href":"https:\/\/www.honorarkonsulat-tj-hh.de\/index.php?rest_route=\/wp\/v2\/users\/2"}],"replies":[{"embeddable":true,"href":"https:\/\/www.honorarkonsulat-tj-hh.de\/index.php?rest_route=%2Fwp%2Fv2%2Fcomments&post=346"}],"version-history":[{"count":5,"href":"https:\/\/www.honorarkonsulat-tj-hh.de\/index.php?rest_route=\/wp\/v2\/pages\/346\/revisions"}],"predecessor-version":[{"id":984,"href":"https:\/\/www.honorarkonsulat-tj-hh.de\/index.php?rest_route=\/wp\/v2\/pages\/346\/revisions\/984"}],"wp:attachment":[{"href":"https:\/\/www.honorarkonsulat-tj-hh.de\/index.php?rest_route=%2Fwp%2Fv2%2Fmedia&parent=346"}],"curies":[{"name":"wp","href":"https:\/\/api.w.org\/{rel}","templated":true}]}}