{"id":459,"date":"2020-02-06T01:13:26","date_gmt":"2020-02-06T00:13:26","guid":{"rendered":"http:\/\/localhost:8888\/HKWP\/?page_id=459"},"modified":"2020-03-20T17:08:16","modified_gmt":"2020-03-20T17:08:16","slug":"cookie-policy","status":"publish","type":"page","link":"https:\/\/www.honorarkonsulat-tj-hh.de\/?page_id=459","title":{"rendered":"Cookie Policy"},"content":{"rendered":"<div class=\"cli_pg_page_contaner\">\n<div>\n<h2 class=\"lead\">Diese Website verwendet Cookies. Wenn Sie diese Website nutzen, ohne die Cookie-Einstellungen Ihres Browsers zu \u00e4ndern, stimmen Sie der Verwendung von Cookies zu.<\/h2>\n<p><strong><div class=\"cli_user_consent_state\">Dein aktueller Status: Keine Einwilligung erteilt. <a class=\"cli_manage_current_consent\" style=\"cursor:pointer;\">Verwalte deine Einwilligung<\/a> <\/div><\/strong><\/p>\n<\/div>\n<h3>Was sind Cookies?<\/h3>\n<div>\n<p>\u201cCookies\u201d und \u00e4hnliche Technologien werden von der EU-Richtlinie \u00fcber die Verarbeitung personenbezogener Daten und den Schutz der Privatsph\u00e4re in der elektronischen Kommunikation erfasst .<\/p>\n<p>Cookies sind kleine Textdateien, welche dazu dienen, eine Website funktionsf\u00e4hig zu machen. Diese Cookies sind nicht personenbezogen: Sie identifizieren den Computer und nicht dessen Benutzer. Sitzungscookies sind nur w\u00e4hrend einer Sitzung notwendig und wichtig, um alle Informationen korrekt anzuzeigen. Nur ein dauerhaftes Cookie bleibt auf dem Computer des Besuchers, bis es gel\u00f6scht wird.<\/p>\n<p>Weder enth\u00fcllen noch enthalten Cookies irgendwelche personenbezogenen Daten. Cookies k\u00f6nnen keine Informationen von Ihrem Computer auslesen oder mit anderen Cookies auf Ihrer Festplatte zusammenwirken.<\/p>\n<\/div>\n<h3>Warum werden Cookies verwendet?<\/h3>\n<div>\n<p>Cookies dienen ausschlie\u00dflich zur Sicherstellung der Funktionalit\u00e4t der Website. Durch Cookies ist es m\u00f6glich, Ihnen einen reibungslosen Besuch meiner Website zu erm\u00f6glichen und Ihren Computer gegebenenfalls bei einem sp\u00e4teren Besuch wiederzuerkennen.<\/p>\n<p>Cookies werden auf dieser Website grunds\u00e4tzlich nicht zur Sammlung personenbezogener Informationen \u00fcber einen Besucher verwendet und es werden keinerlei Auswertungen dieser Daten vorgenommen.<\/p>\n<\/div>\n<h3>Web-Analyse<\/h3>\n<div>\n<p>Diese Website verwendet Google Analytics, Google Analytics funktioniert auf der Basis von Cookies. In zusammengefasster Form speichern Cookies Informationen \u00fcber die Nutzung der Website durch Besucher, einschlie\u00dflich der Zahl aufgerufenen Seiten, Herkunft des Besuchers und Zahl der Besuche, um die Website zu verbessern und f\u00fcr eine positive Erfahrung des Benutzers zu sorgen. Falls Sie keine Cookies akzeptieren, werden keine Informationen gespeichert.<\/p>\n\n<\/div>\n<h3>Wie kann man Cookies ablehnen und l\u00f6schen?<\/h3>\n<div>\n<p>Nach Verlassen unserer Domain werden die Sitzungscookies r\u00fcckstandsfrei gel\u00f6scht. Sie k\u00f6nnen Cookies jederzeit selbst l\u00f6schen, da beim Aufruf Cookies gegebenenfalls neu erstellt werden.<\/p>\n<p>Bitte beachten Sie, dass die meisten Browser Cookies automatisch akzeptieren.<\/p>\n<p>Sie haben die M\u00f6glichkeit, das Abspeichern von Cookies auf Ihrem Rechner durch entsprechende Browsereinstellungen zu verhindern. Sie k\u00f6nnen dann diese Websites zwar weiter besuchen, einzelne Funktionen k\u00f6nnten jedoch in ihrer Arbeitsweise beeintr\u00e4chtigt sein. Bitte informieren Sie sich bei dem Anbieter Ihres Browsers \u00fcber das konkrete Vorgehen.<\/p>\n<p>Weitere Informationen \u00fcber die Verwendung von Cookies in den Browsern von Mobiltelefonen und \u00fcber die M\u00f6glichkeiten, solche Cookies abzulehnen oder zu l\u00f6schen, finden Sie im Handbuch Ihres Mobiltelefons.<\/p>\n<p>Mehr unter:<\/p>\n<p><a href=\"https:\/\/en.wikipedia.org\/wiki\/HTTP_cookie\" target=\"_blank\" rel=\"nofollow noopener noreferrer\">wikipedia.org<\/a>, <a href=\"http:\/\/www.allaboutcookies.org\/\" target=\"_blank\" rel=\"nofollow noopener noreferrer\">www.allaboutcookies.org.<\/a><\/p>\n<\/div>\n<\/div>\n","protected":false},"excerpt":{"rendered":"<p>Diese Website verwendet Cookies. Wenn Sie diese Website nutzen, ohne die Cookie-Einstellungen Ihres Browsers zu \u00e4ndern, stimmen Sie der Verwendung von Cookies zu. Was sind Cookies? \u201cCookies\u201d und \u00e4hnliche Technologien werden von der EU-Richtlinie \u00fcber die Verarbeitung personenbezogener Daten und den Schutz der Privatsph\u00e4re in der elektronischen Kommunikation erfasst . Cookies sind kleine Textdateien, welche&hellip;&nbsp;<a href=\"https:\/\/www.honorarkonsulat-tj-hh.de\/?page_id=459\" class=\"\" rel=\"bookmark\">Weiterlesen &raquo;<span class=\"screen-reader-text\">Cookie Policy<\/span><\/a><\/p>\n","protected":false},"author":2,"featured_media":0,"parent":0,"menu_order":0,"comment_status":"closed","ping_status":"closed","template":"","meta":{"_themeisle_gutenberg_block_has_review":false},"_links":{"self":[{"href":"https:\/\/www.honorarkonsulat-tj-hh.de\/index.php?rest_route=\/wp\/v2\/pages\/459"}],"collection":[{"href":"https:\/\/www.honorarkonsulat-tj-hh.de\/index.php?rest_route=\/wp\/v2\/pages"}],"about":[{"href":"https:\/\/www.honorarkonsulat-tj-hh.de\/index.php?rest_route=\/wp\/v2\/types\/page"}],"author":[{"embeddable":true,"href":"https:\/\/www.honorarkonsulat-tj-hh.de\/index.php?rest_route=\/wp\/v2\/users\/2"}],"replies":[{"embeddable":true,"href":"https:\/\/www.honorarkonsulat-tj-hh.de\/index.php?rest_route=%2Fwp%2Fv2%2Fcomments&post=459"}],"version-history":[{"count":3,"href":"https:\/\/www.honorarkonsulat-tj-hh.de\/index.php?rest_route=\/wp\/v2\/pages\/459\/revisions"}],"predecessor-version":[{"id":855,"href":"https:\/\/www.honorarkonsulat-tj-hh.de\/index.php?rest_route=\/wp\/v2\/pages\/459\/revisions\/855"}],"wp:attachment":[{"href":"https:\/\/www.honorarkonsulat-tj-hh.de\/index.php?rest_route=%2Fwp%2Fv2%2Fmedia&parent=459"}],"curies":[{"name":"wp","href":"https:\/\/api.w.org\/{rel}","templated":true}]}}