{"id":816,"date":"2020-03-20T14:26:38","date_gmt":"2020-03-20T14:26:38","guid":{"rendered":"http:\/\/honorarkonsulat-tj-hh.de\/?page_id=816"},"modified":"2020-03-20T16:54:54","modified_gmt":"2020-03-20T16:54:54","slug":"datenschutz","status":"publish","type":"page","link":"https:\/\/www.honorarkonsulat-tj-hh.de\/?page_id=816","title":{"rendered":"Datenschutz &#038; Haftungsausschluss"},"content":{"rendered":"\n<p>Herzlichen Dank f\u00fcr Ihren Besuch auf meiner Website und Ihr Interesse an meiner Person.<\/p>\n\n\n\n<p>Sollten Sie um pers\u00f6nliche Angaben beim Besuch dieser Website gebeten worden sein, ist die Beantwortung aller Fragen selbstverst\u00e4ndlich freiwillig. Die Speicherung Ihrer pers\u00f6nlichen Angaben unterliegen den g\u00fcltigen  Datenschutzbestimmungen des Landes, in dem die Website betrieben wird (Deutschland).<\/p>\n\n\n\n<p>Die Inhalte dieser Webseiten wurden nach bestem Wissen und Gewissen zusammengestellt. Wir \u00fcbernehmen keine Haftung f\u00fcr die Vollst\u00e4ndigkeit, Richtigkeit, Aktualit\u00e4t und technische Exaktheit der bereitgestellten Informationen. <\/p>\n\n\n\n<p><strong>\u00c4nderungsvorbehalt und Haftungsausschluss: <\/strong><\/p>\n\n\n\n<p>Unsere Webseiten enthalten zudem Links zu externen Websites Dritter, auf deren Inhalte wir keinen Einfluss haben. Deshalb k\u00f6nnen wir f\u00fcr diese fremden Inhalte auch keine Gew\u00e4hr \u00fcbernehmen. F\u00fcr die Inhalte der verlinkten  Seiten ist stets der jeweilige Anbieter oder Betreiber der Seiten verantwortlich. Die verlinkten Seiten wurden zum Zeitpunkt der Verlinkung auf m\u00f6gliche Rechtsverst\u00f6\u00dfe \u00fcberpr\u00fcft. Rechtswidrige Inhalte waren zum Zeitpunkt der Verlinkung nicht erkennbar.<\/p>\n\n\n\n<p>Eine permanente inhaltliche Kontrolle der verlinkten Seiten ist ohne konkrete Anhaltspunkte einer Rechtsverletzung nicht  zumutbar. Bei Bekanntwerden von Rechtsverletzungen werden wir derartige  Links umgehend entfernen.<\/p>\n\n\n\n<p>Ebenso wenig haftet der Herausgeber f\u00fcr etwaige Sch\u00e4den, die beim Aufrufen oder Herunterladen von Daten aus dieser Website durch Computerviren  verursacht werden. Er beh\u00e4lt sich zudem das Recht vor, jederzeit und ohne vorherige Ank\u00fcndigung Erweiterungen und\/oder \u00c4nderungen oder Erg\u00e4nzungen an dieser Website vorzunehmen. <\/p>\n\n\n\n<div class=\"wp-block-themeisle-blocks-advanced-columns alignfull has-2-columns has-desktop-twoOne-layout has-tablet-equal-layout has-mobile-collapsedRows-layout has-default-gap has-vertical-unset\" id=\"wp-block-themeisle-blocks-advanced-columns-78b20b7a\"><div class=\"wp-block-themeisle-blocks-advanced-columns-overlay\"><\/div><div class=\"innerblocks-wrap\">\n<div class=\"wp-block-themeisle-blocks-advanced-column\" id=\"wp-block-themeisle-blocks-advanced-column-c98216b1\">\n<div class=\"wp-container-1 wp-block-group\"><div class=\"wp-block-group__inner-container\"><\/div><\/div>\n<\/div>\n\n\n\n<div class=\"wp-block-themeisle-blocks-advanced-column\" id=\"wp-block-themeisle-blocks-advanced-column-da6a0203\"><\/div>\n<\/div><\/div>\n\n\n\n<p><\/p>\n","protected":false},"excerpt":{"rendered":"<p>Herzlichen Dank f\u00fcr Ihren Besuch auf meiner Website und Ihr Interesse an meiner Person. Sollten Sie um pers\u00f6nliche Angaben beim Besuch dieser Website gebeten worden sein, ist die Beantwortung aller Fragen selbstverst\u00e4ndlich freiwillig. Die Speicherung Ihrer pers\u00f6nlichen Angaben unterliegen den g\u00fcltigen Datenschutzbestimmungen des Landes, in dem die Website betrieben wird (Deutschland). Die Inhalte dieser Webseiten&hellip;&nbsp;<a href=\"https:\/\/www.honorarkonsulat-tj-hh.de\/?page_id=816\" class=\"\" rel=\"bookmark\">Weiterlesen &raquo;<span class=\"screen-reader-text\">Datenschutz &#038; Haftungsausschluss<\/span><\/a><\/p>\n","protected":false},"author":3,"featured_media":0,"parent":0,"menu_order":0,"comment_status":"closed","ping_status":"closed","template":"","meta":{"_themeisle_gutenberg_block_has_review":false},"_links":{"self":[{"href":"https:\/\/www.honorarkonsulat-tj-hh.de\/index.php?rest_route=\/wp\/v2\/pages\/816"}],"collection":[{"href":"https:\/\/www.honorarkonsulat-tj-hh.de\/index.php?rest_route=\/wp\/v2\/pages"}],"about":[{"href":"https:\/\/www.honorarkonsulat-tj-hh.de\/index.php?rest_route=\/wp\/v2\/types\/page"}],"author":[{"embeddable":true,"href":"https:\/\/www.honorarkonsulat-tj-hh.de\/index.php?rest_route=\/wp\/v2\/users\/3"}],"replies":[{"embeddable":true,"href":"https:\/\/www.honorarkonsulat-tj-hh.de\/index.php?rest_route=%2Fwp%2Fv2%2Fcomments&post=816"}],"version-history":[{"count":10,"href":"https:\/\/www.honorarkonsulat-tj-hh.de\/index.php?rest_route=\/wp\/v2\/pages\/816\/revisions"}],"predecessor-version":[{"id":851,"href":"https:\/\/www.honorarkonsulat-tj-hh.de\/index.php?rest_route=\/wp\/v2\/pages\/816\/revisions\/851"}],"wp:attachment":[{"href":"https:\/\/www.honorarkonsulat-tj-hh.de\/index.php?rest_route=%2Fwp%2Fv2%2Fmedia&parent=816"}],"curies":[{"name":"wp","href":"https:\/\/api.w.org\/{rel}","templated":true}]}}